{"id":437,"date":"2020-11-19T14:02:13","date_gmt":"2020-11-19T14:02:13","guid":{"rendered":"http:\/\/focolisboa.com\/foco2020\/information\/"},"modified":"2026-03-15T20:12:42","modified_gmt":"2026-03-15T20:12:42","slug":"about","status":"publish","type":"page","link":"https:\/\/galeriafoco.com\/pt\/about\/","title":{"rendered":"Sobre"},"content":{"rendered":"<p data-start=\"119\" data-end=\"443\">A Galeria Foco \u00e9 um n\u00facleo e um contexto de envolvimento art\u00edstico e interdisciplinar. Fundada pelo arquitecto franc\u00eas Benjamin Gonthier, a Galeria Foco promove artistas internacionais e portugueses que trabalham em diferentes meios. Ao gerar exposi\u00e7\u00f5es, performances e discursos, a Galeria Foco mant\u00e9m-se contempor\u00e2nea.<\/p>\n<p data-start=\"445\" data-end=\"806\">Instalada num antigo stand autom\u00f3vel, no r\u00e9s-do-ch\u00e3o de um edif\u00edcio residencial projectado por Alberto Pessoa (arquitecto de renome, conhecido pelo projecto da Funda\u00e7\u00e3o Calouste Gulbenkian), a galeria ocupa uma \u00e1rea de 300 m\u00b2 distribu\u00edda por dois pisos, ligados por um antigo elevador de autom\u00f3veis, hoje reconvertido para acolher os seus programas expositivos.<\/p>\n<p data-start=\"808\" data-end=\"1243\">A Galeria Foco distingue-se pelo seu compromisso com a promo\u00e7\u00e3o de artistas emergentes, sejam portugueses ou internacionais, oferecendo-lhes uma plataforma dedicada a express\u00f5es inovadoras e experimentais. As exposi\u00e7\u00f5es, que abrangem um vasto leque de disciplinas \u2014 pintura, fotografia, escultura e instala\u00e7\u00e3o \u2014, s\u00e3o cuidadosamente concebidas para fomentar um di\u00e1logo profundo e estimulante entre artistas, coleccionadores e o p\u00fablico.<\/p>\n<p data-start=\"1245\" data-end=\"1514\">Para al\u00e9m da sua programa\u00e7\u00e3o expositiva, a galeria dedica-se tamb\u00e9m \u00e0 arte performativa atrav\u00e9s do festival Novo, que decorre todos os ver\u00f5es. Este evento imperd\u00edvel re\u00fane performances, exposi\u00e7\u00f5es e debates, contribuindo para o dinamismo art\u00edstico e cultural de Lisboa.<\/p>\n<p data-start=\"1516\" data-end=\"1770\">Com ambi\u00e7\u00f5es internacionais crescentes, a Galeria Foco participa actualmente em importantes feiras de arte como a ARCO Madrid, ARCO Lisboa, Art Brussels, SP-Arte e Artissima, em Turim, afirmando assim o seu lugar no panorama global da arte contempor\u00e2nea.<\/p>\n","protected":false},"excerpt":{"rendered":"<p>A Galeria Foco \u00e9 um n\u00facleo e um contexto de envolvimento art\u00edstico e interdisciplinar. Fundada pelo arquitecto franc\u00eas Benjamin Gonthier, a Galeria Foco promove artistas internacionais e portugueses que trabalham em diferentes meios. Ao gerar exposi\u00e7\u00f5es, performances e discursos, a Galeria Foco mant\u00e9m-se contempor\u00e2nea. Instalada num antigo stand autom\u00f3vel, no r\u00e9s-do-ch\u00e3o de um edif\u00edcio residencial&#8230;  <a class=\"excerpt-read-more\" href=\"https:\/\/galeriafoco.com\/pt\/about\/\" title=\"Read Sobre\">Read more &raquo;<\/a><\/p>\n","protected":false},"author":1,"featured_media":0,"parent":0,"menu_order":0,"comment_status":"closed","ping_status":"closed","template":"","meta":[],"acf":{"photo":{"ID":4278,"id":4278,"title":"IMG_4803","filename":"IMG_4803-scaled.jpg","filesize":2079992,"url":"https:\/\/galeriafoco.com\/wp-content\/uploads\/IMG_4803-scaled.jpg","link":"https:\/\/galeriafoco.com\/pt\/about\/attachment\/img_4803-2\/","alt":"","author":"1","description":"","caption":"","name":"img_4803-2","status":"inherit","uploaded_to":437,"date":"2021-04-30 15:16:14","modified":"2021-06-28 10:55:36","menu_order":0,"mime_type":"image\/jpeg","type":"image","subtype":"jpeg","icon":"https:\/\/galeriafoco.com\/wp-includes\/images\/media\/default.png","width":2119,"height":2200,"sizes":{"thumbnail":"https:\/\/galeriafoco.com\/wp-content\/uploads\/IMG_4803-193x200.jpg","thumbnail-width":193,"thumbnail-height":200,"medium":"https:\/\/galeriafoco.com\/wp-content\/uploads\/IMG_4803-482x500.jpg","medium-width":482,"medium-height":500,"medium_large":"https:\/\/galeriafoco.com\/wp-content\/uploads\/IMG_4803-768x797.jpg","medium_large-width":680,"medium_large-height":706,"large":"https:\/\/galeriafoco.com\/wp-content\/uploads\/IMG_4803-1060x1100.jpg","large-width":680,"large-height":706,"1536x1536":"https:\/\/galeriafoco.com\/wp-content\/uploads\/IMG_4803-1480x1536.jpg","1536x1536-width":1480,"1536x1536-height":1536,"2048x2048":"https:\/\/galeriafoco.com\/wp-content\/uploads\/IMG_4803-1973x2048.jpg","2048x2048-width":1973,"2048x2048-height":2048,"bones-thumb-1500":"https:\/\/galeriafoco.com\/wp-content\/uploads\/IMG_4803-1500x1500.jpg","bones-thumb-1500-width":1500,"bones-thumb-1500-height":1500,"bones-thumb-950":"https:\/\/galeriafoco.com\/wp-content\/uploads\/IMG_4803-950x950.jpg","bones-thumb-950-width":950,"bones-thumb-950-height":950}},"information_text":"<p data-start=\"119\" data-end=\"443\">A <strong data-start=\"121\" data-end=\"137\">Galeria Foco<\/strong> \u00e9 um n\u00facleo e um contexto de envolvimento art\u00edstico e interdisciplinar. Fundada pelo arquitecto franc\u00eas Benjamin Gonthier, a Galeria Foco promove artistas internacionais e portugueses que trabalham em diferentes meios. Ao gerar exposi\u00e7\u00f5es, performances e discursos, a Galeria Foco mant\u00e9m-se contempor\u00e2nea.<\/p>\n<p data-start=\"445\" data-end=\"806\">Instalada num antigo stand autom\u00f3vel, no r\u00e9s-do-ch\u00e3o de um edif\u00edcio residencial projectado por Alberto Pessoa (arquitecto de renome, conhecido pelo projecto da Funda\u00e7\u00e3o Calouste Gulbenkian), a galeria ocupa uma \u00e1rea de 300 m\u00b2 distribu\u00edda por dois pisos, ligados por um antigo elevador de autom\u00f3veis, hoje reconvertido para acolher os seus programas expositivos.<\/p>\n<p data-start=\"808\" data-end=\"1243\">A Galeria Foco distingue-se pelo seu compromisso com a promo\u00e7\u00e3o de artistas emergentes, sejam portugueses ou internacionais, oferecendo-lhes uma plataforma dedicada a express\u00f5es inovadoras e experimentais. As exposi\u00e7\u00f5es, que abrangem um vasto leque de disciplinas \u2014 pintura, fotografia, escultura e instala\u00e7\u00e3o \u2014, s\u00e3o cuidadosamente concebidas para fomentar um di\u00e1logo profundo e estimulante entre artistas, coleccionadores e o p\u00fablico.<\/p>\n<p data-start=\"1245\" data-end=\"1514\">Para al\u00e9m da sua programa\u00e7\u00e3o expositiva, a galeria dedica-se tamb\u00e9m \u00e0 arte performativa atrav\u00e9s do festival Novo, que decorre todos os ver\u00f5es. Este evento imperd\u00edvel re\u00fane performances, exposi\u00e7\u00f5es e debates, contribuindo para o dinamismo art\u00edstico e cultural de Lisboa.<\/p>\n<p data-start=\"1516\" data-end=\"1770\">Com ambi\u00e7\u00f5es internacionais crescentes, a Galeria Foco participa actualmente em importantes feiras de arte como a ARCO Madrid, ARCO Lisboa, Art Brussels, SP-Arte e Artissima, em Turim, afirmando assim o seu lugar no panorama global da arte contempor\u00e2nea.<\/p>\n"},"yoast_head":"<!-- This site is optimized with the Yoast SEO plugin v19.11 - https:\/\/yoast.com\/wordpress\/plugins\/seo\/ -->\n<title>Galeria Foco &ndash; Sobre<\/title>\n<meta name=\"description\" content=\"A Galeria Foco \u00e9 um n\u00facleo e um contexto de envolvimento art\u00edstico e interdisciplinar. Fundada pelo arquitecto franc\u00eas Benjamin Gonthier, a Galeria Foco promove artistas internacionais e portugueses que trabalham em diferentes meios. Ao gerar exposi\u00e7\u00f5es, performances e discursos, a Galeria Foco mant\u00e9m-se contempor\u00e2nea.\" \/>\n<meta name=\"robots\" content=\"index, follow, max-snippet:-1, max-image-preview:large, max-video-preview:-1\" \/>\n<link rel=\"canonical\" href=\"https:\/\/galeriafoco.com\/pt\/about\/\" \/>\n<meta property=\"og:locale\" content=\"pt_PT\" \/>\n<meta property=\"og:type\" content=\"article\" \/>\n<meta property=\"og:title\" content=\"Galeria Foco &ndash; Sobre\" \/>\n<meta property=\"og:description\" content=\"A Galeria Foco \u00e9 um n\u00facleo e um contexto de envolvimento art\u00edstico e interdisciplinar. Fundada pelo arquitecto franc\u00eas Benjamin Gonthier, a Galeria Foco promove artistas internacionais e portugueses que trabalham em diferentes meios. Ao gerar exposi\u00e7\u00f5es, performances e discursos, a Galeria Foco mant\u00e9m-se contempor\u00e2nea.\" \/>\n<meta property=\"og:url\" content=\"https:\/\/galeriafoco.com\/pt\/about\/\" \/>\n<meta property=\"og:site_name\" content=\"Galeria Foco\" \/>\n<meta property=\"article:publisher\" content=\"https:\/\/www.facebook.com\/galeriafoco\" \/>\n<meta property=\"article:modified_time\" content=\"2026-03-15T20:12:42+00:00\" \/>\n<meta property=\"og:image\" content=\"https:\/\/galeriafoco.com\/wp-content\/uploads\/01-1.jpg\" \/>\n\t<meta property=\"og:image:width\" content=\"2000\" \/>\n\t<meta property=\"og:image:height\" content=\"1333\" \/>\n\t<meta property=\"og:image:type\" content=\"image\/jpeg\" \/>\n<meta name=\"twitter:card\" content=\"summary_large_image\" \/>\n<meta name=\"twitter:label1\" content=\"Est. reading time\" \/>\n\t<meta name=\"twitter:data1\" content=\"2 minutes\" \/>\n<script type=\"application\/ld+json\" class=\"yoast-schema-graph\">{\"@context\":\"https:\/\/schema.org\",\"@graph\":[{\"@type\":\"WebPage\",\"@id\":\"https:\/\/galeriafoco.com\/pt\/about\/\",\"url\":\"https:\/\/galeriafoco.com\/pt\/about\/\",\"name\":\"Galeria Foco &ndash; Sobre\",\"isPartOf\":{\"@id\":\"https:\/\/galeriafoco.com\/pt\/#website\"},\"datePublished\":\"2020-11-19T14:02:13+00:00\",\"dateModified\":\"2026-03-15T20:12:42+00:00\",\"description\":\"A Galeria Foco \u00e9 um n\u00facleo e um contexto de envolvimento art\u00edstico e interdisciplinar. Fundada pelo arquitecto franc\u00eas Benjamin Gonthier, a Galeria Foco promove artistas internacionais e portugueses que trabalham em diferentes meios. Ao gerar exposi\u00e7\u00f5es, performances e discursos, a Galeria Foco mant\u00e9m-se contempor\u00e2nea.\",\"breadcrumb\":{\"@id\":\"https:\/\/galeriafoco.com\/pt\/about\/#breadcrumb\"},\"inLanguage\":\"pt\",\"potentialAction\":[{\"@type\":\"ReadAction\",\"target\":[\"https:\/\/galeriafoco.com\/pt\/about\/\"]}]},{\"@type\":\"BreadcrumbList\",\"@id\":\"https:\/\/galeriafoco.com\/pt\/about\/#breadcrumb\",\"itemListElement\":[{\"@type\":\"ListItem\",\"position\":1,\"name\":\"Home\",\"item\":\"https:\/\/galeriafoco.com\/pt\/\"},{\"@type\":\"ListItem\",\"position\":2,\"name\":\"Sobre\"}]},{\"@type\":\"WebSite\",\"@id\":\"https:\/\/galeriafoco.com\/pt\/#website\",\"url\":\"https:\/\/galeriafoco.com\/pt\/\",\"name\":\"Galeria Foco\",\"description\":\"Contemporary art gallery Lisbon\",\"publisher\":{\"@id\":\"https:\/\/galeriafoco.com\/pt\/#organization\"},\"potentialAction\":[{\"@type\":\"SearchAction\",\"target\":{\"@type\":\"EntryPoint\",\"urlTemplate\":\"https:\/\/galeriafoco.com\/pt\/?s={search_term_string}\"},\"query-input\":\"required name=search_term_string\"}],\"inLanguage\":\"pt\"},{\"@type\":\"Organization\",\"@id\":\"https:\/\/galeriafoco.com\/pt\/#organization\",\"name\":\"Galerie Foco\",\"url\":\"https:\/\/galeriafoco.com\/pt\/\",\"logo\":{\"@type\":\"ImageObject\",\"inLanguage\":\"pt\",\"@id\":\"https:\/\/galeriafoco.com\/pt\/#\/schema\/logo\/image\/\",\"url\":\"https:\/\/galeriafoco.com\/wp-content\/uploads\/logo_foco.png\",\"contentUrl\":\"https:\/\/galeriafoco.com\/wp-content\/uploads\/logo_foco.png\",\"width\":9449,\"height\":9449,\"caption\":\"Galerie Foco\"},\"image\":{\"@id\":\"https:\/\/galeriafoco.com\/pt\/#\/schema\/logo\/image\/\"},\"sameAs\":[\"https:\/\/www.instagram.com\/galeriafoco\/\",\"https:\/\/www.facebook.com\/galeriafoco\"]}]}<\/script>\n<!-- \/ Yoast SEO plugin. -->","yoast_head_json":{"title":"Galeria Foco &ndash; Sobre","description":"A Galeria Foco \u00e9 um n\u00facleo e um contexto de envolvimento art\u00edstico e interdisciplinar. Fundada pelo arquitecto franc\u00eas Benjamin Gonthier, a Galeria Foco promove artistas internacionais e portugueses que trabalham em diferentes meios. Ao gerar exposi\u00e7\u00f5es, performances e discursos, a Galeria Foco mant\u00e9m-se contempor\u00e2nea.","robots":{"index":"index","follow":"follow","max-snippet":"max-snippet:-1","max-image-preview":"max-image-preview:large","max-video-preview":"max-video-preview:-1"},"canonical":"https:\/\/galeriafoco.com\/pt\/about\/","og_locale":"pt_PT","og_type":"article","og_title":"Galeria Foco &ndash; Sobre","og_description":"A Galeria Foco \u00e9 um n\u00facleo e um contexto de envolvimento art\u00edstico e interdisciplinar. Fundada pelo arquitecto franc\u00eas Benjamin Gonthier, a Galeria Foco promove artistas internacionais e portugueses que trabalham em diferentes meios. Ao gerar exposi\u00e7\u00f5es, performances e discursos, a Galeria Foco mant\u00e9m-se contempor\u00e2nea.","og_url":"https:\/\/galeriafoco.com\/pt\/about\/","og_site_name":"Galeria Foco","article_publisher":"https:\/\/www.facebook.com\/galeriafoco","article_modified_time":"2026-03-15T20:12:42+00:00","og_image":[{"width":2000,"height":1333,"url":"https:\/\/galeriafoco.com\/wp-content\/uploads\/01-1.jpg","type":"image\/jpeg"}],"twitter_card":"summary_large_image","twitter_misc":{"Est. reading time":"2 minutes"},"schema":{"@context":"https:\/\/schema.org","@graph":[{"@type":"WebPage","@id":"https:\/\/galeriafoco.com\/pt\/about\/","url":"https:\/\/galeriafoco.com\/pt\/about\/","name":"Galeria Foco &ndash; Sobre","isPartOf":{"@id":"https:\/\/galeriafoco.com\/pt\/#website"},"datePublished":"2020-11-19T14:02:13+00:00","dateModified":"2026-03-15T20:12:42+00:00","description":"A Galeria Foco \u00e9 um n\u00facleo e um contexto de envolvimento art\u00edstico e interdisciplinar. Fundada pelo arquitecto franc\u00eas Benjamin Gonthier, a Galeria Foco promove artistas internacionais e portugueses que trabalham em diferentes meios. Ao gerar exposi\u00e7\u00f5es, performances e discursos, a Galeria Foco mant\u00e9m-se contempor\u00e2nea.","breadcrumb":{"@id":"https:\/\/galeriafoco.com\/pt\/about\/#breadcrumb"},"inLanguage":"pt","potentialAction":[{"@type":"ReadAction","target":["https:\/\/galeriafoco.com\/pt\/about\/"]}]},{"@type":"BreadcrumbList","@id":"https:\/\/galeriafoco.com\/pt\/about\/#breadcrumb","itemListElement":[{"@type":"ListItem","position":1,"name":"Home","item":"https:\/\/galeriafoco.com\/pt\/"},{"@type":"ListItem","position":2,"name":"Sobre"}]},{"@type":"WebSite","@id":"https:\/\/galeriafoco.com\/pt\/#website","url":"https:\/\/galeriafoco.com\/pt\/","name":"Galeria Foco","description":"Contemporary art gallery Lisbon","publisher":{"@id":"https:\/\/galeriafoco.com\/pt\/#organization"},"potentialAction":[{"@type":"SearchAction","target":{"@type":"EntryPoint","urlTemplate":"https:\/\/galeriafoco.com\/pt\/?s={search_term_string}"},"query-input":"required name=search_term_string"}],"inLanguage":"pt"},{"@type":"Organization","@id":"https:\/\/galeriafoco.com\/pt\/#organization","name":"Galerie Foco","url":"https:\/\/galeriafoco.com\/pt\/","logo":{"@type":"ImageObject","inLanguage":"pt","@id":"https:\/\/galeriafoco.com\/pt\/#\/schema\/logo\/image\/","url":"https:\/\/galeriafoco.com\/wp-content\/uploads\/logo_foco.png","contentUrl":"https:\/\/galeriafoco.com\/wp-content\/uploads\/logo_foco.png","width":9449,"height":9449,"caption":"Galerie Foco"},"image":{"@id":"https:\/\/galeriafoco.com\/pt\/#\/schema\/logo\/image\/"},"sameAs":["https:\/\/www.instagram.com\/galeriafoco\/","https:\/\/www.facebook.com\/galeriafoco"]}]}},"_links":{"self":[{"href":"https:\/\/galeriafoco.com\/pt\/wp-json\/wp\/v2\/pages\/437"}],"collection":[{"href":"https:\/\/galeriafoco.com\/pt\/wp-json\/wp\/v2\/pages"}],"about":[{"href":"https:\/\/galeriafoco.com\/pt\/wp-json\/wp\/v2\/types\/page"}],"author":[{"embeddable":true,"href":"https:\/\/galeriafoco.com\/pt\/wp-json\/wp\/v2\/users\/1"}],"replies":[{"embeddable":true,"href":"https:\/\/galeriafoco.com\/pt\/wp-json\/wp\/v2\/comments?post=437"}],"version-history":[{"count":6,"href":"https:\/\/galeriafoco.com\/pt\/wp-json\/wp\/v2\/pages\/437\/revisions"}],"predecessor-version":[{"id":10500,"href":"https:\/\/galeriafoco.com\/pt\/wp-json\/wp\/v2\/pages\/437\/revisions\/10500"}],"wp:attachment":[{"href":"https:\/\/galeriafoco.com\/pt\/wp-json\/wp\/v2\/media?parent=437"}],"curies":[{"name":"wp","href":"https:\/\/api.w.org\/{rel}","templated":true}]}}